{"id":1398,"date":"2021-08-10T18:30:59","date_gmt":"2021-08-10T18:30:59","guid":{"rendered":"https:\/\/templatemonster.vecuro.com\/wordpress\/medilax\/?page_id=1398"},"modified":"2022-12-06T23:44:33","modified_gmt":"2022-12-06T23:44:33","slug":"services","status":"publish","type":"page","link":"https:\/\/www.maja.rs\/wwwp\/services\/","title":{"rendered":"Usluge"},"content":{"rendered":"\t\t<div data-elementor-type=\"wp-page\" data-elementor-id=\"1398\" class=\"elementor elementor-1398\">\n\t\t\t\t\t\t<section class=\"elementor-section elementor-top-section elementor-element elementor-element-5341b7e elementor-section-full_width elementor-section-height-default elementor-section-height-default\" data-id=\"5341b7e\" data-element_type=\"section\" data-e-type=\"section\">\n\t\t\t\t\t\t<div class=\"elementor-container elementor-column-gap-no\">\n\t\t\t\t\t<div class=\"elementor-column elementor-col-100 elementor-top-column elementor-element elementor-element-5bf9d9f\" data-id=\"5bf9d9f\" data-element_type=\"column\" data-e-type=\"column\">\n\t\t\t<div class=\"elementor-widget-wrap elementor-element-populated\">\n\t\t\t\t\t\t<div class=\"elementor-element elementor-element-1391637 elementor-widget elementor-widget-medilaxservices\" data-id=\"1391637\" data-element_type=\"widget\" data-e-type=\"widget\" data-widget_type=\"medilaxservices.default\">\n\t\t\t\t<div class=\"elementor-widget-container\">\n\t\t\t\t\t<!-----------------------Start Service Area-----------------------><section class=\"vs-service-wrapper\"><div class=\"container\"><div class=\"row\"><div class=\"col-md-6 col-xl-4\"><div class=\"service-thumb\"><div class=\"sr-img\"><img fetchpriority=\"high\" decoding=\"async\" width=\"387\" height=\"355\" src=\"https:\/\/www.maja.rs\/wwwp\/wp-content\/uploads\/2022\/12\/9caa2793658f3cc387f216157300b1ce_XL-387x355.jpeg\" class=\"attachment-medilax_387x355 size-medilax_387x355 wp-post-image\" alt=\"Parodontologija\" \/><\/div><div class=\"sr-body\"><span class=\"sr-icon\"><i class=\"flaticon-medical-results fa-3x\"><\/i><\/span><h3 class=\"h4 sr-title \"><a class=\"text-reset\" href=\"https:\/\/www.maja.rs\/wwwp\/all-services\/parodontologija\/\">Parodontologija<\/a><\/h3><p class=\"sr-text\">Parodontopatija je oboljenje koje zahvata potporni aparat zuba, tj. sva ona tkiva koja zub dr\u017ee u vili\u010dnoj kosti pa i samu kost. <\/p><\/div><\/div><\/div><div class=\"col-md-6 col-xl-4\"><div class=\"service-thumb\"><div class=\"sr-img\"><img decoding=\"async\" width=\"387\" height=\"355\" src=\"https:\/\/www.maja.rs\/wwwp\/wp-content\/uploads\/2021\/09\/2fa67f482133f1c934235b73c2a03954_XL-387x355.jpeg\" class=\"attachment-medilax_387x355 size-medilax_387x355 wp-post-image\" alt=\"De\u010diji stomatolog\" \/><\/div><div class=\"sr-body\"><span class=\"sr-icon\"><i class=\"flaticon-medical-results fa-3x\"><\/i><\/span><h3 class=\"h4 sr-title \"><a class=\"text-reset\" href=\"https:\/\/www.maja.rs\/wwwp\/all-services\/decija_stomatologija\/\">De\u010dija stomatologija<\/a><\/h3><p class=\"sr-text\">U na\u0161oj ordinaciji deca su pacijenti kojima posve\u0107ujemo naro\u010ditu pa\u017enju i vreme. <\/p><\/div><\/div><\/div><div class=\"col-md-6 col-xl-4\"><div class=\"service-thumb\"><div class=\"sr-img\"><img decoding=\"async\" width=\"387\" height=\"355\" src=\"https:\/\/www.maja.rs\/wwwp\/wp-content\/uploads\/2021\/08\/e0a70f72bdae9885bfc32d7cd19a26a1_XL-387x355.jpeg\" class=\"attachment-medilax_387x355 size-medilax_387x355 wp-post-image\" alt=\"Stomatolo\u0161ka ordinacija MAJA DENTAL CARE \u010ca\u010dak preventiva\" \/><\/div><div class=\"sr-body\"><span class=\"sr-icon\"><i class=\"flaticon-medical-results fa-3x\"><\/i><\/span><h3 class=\"h4 sr-title \"><a class=\"text-reset\" href=\"https:\/\/www.maja.rs\/wwwp\/all-services\/preventivna-stomatologija\/\">Preventivna stomatologija<\/a><\/h3><p class=\"sr-text\">U cilju da spre\u010dimo nastanak bilo kakvog oboljenja va\u0161ih usta i zuba, u na\u0161oj ordinaciji dobi\u0107ete sve neophodne informacije i odgovore na pitanja kako da sa\u010duvate postoje\u0107e ili postignuto stanje.<\/p><\/div><\/div><\/div><div class=\"col-md-6 col-xl-4\"><div class=\"service-thumb\"><div class=\"sr-img\"><img loading=\"lazy\" decoding=\"async\" width=\"387\" height=\"355\" src=\"https:\/\/www.maja.rs\/wwwp\/wp-content\/uploads\/2021\/08\/94d43e327d9303539cb1e2aac7032668_XL-387x355.jpeg\" class=\"attachment-medilax_387x355 size-medilax_387x355 wp-post-image\" alt=\"Lecenje bolesti zuba - Stomatoloska ordinacija Cacak\" \/><\/div><div class=\"sr-body\"><span class=\"sr-icon\"><i class=\"flaticon-medical-results fa-3x\"><\/i><\/span><h3 class=\"h4 sr-title \"><a class=\"text-reset\" href=\"https:\/\/www.maja.rs\/wwwp\/all-services\/lecenje-bolesti-zuba\/\">Le\u010denje bolesti zuba<\/a><\/h3><p class=\"sr-text\">Na\u0161 primarni cilj su zdrava usta. Sa tim ciljem obezbedili smo sve uslove da poseta stomatologu ne bude trauma i da svako va\u0161e pitanje dobije odgovaraju\u0107i odgovor.<\/p><\/div><\/div><\/div><div class=\"col-md-6 col-xl-4\"><div class=\"service-thumb\"><div class=\"sr-img\"><img loading=\"lazy\" decoding=\"async\" width=\"387\" height=\"355\" src=\"https:\/\/www.maja.rs\/wwwp\/wp-content\/uploads\/2021\/08\/ada9a09acea936d776a6f55c82778c43_XL-387x355.jpeg\" class=\"attachment-medilax_387x355 size-medilax_387x355 wp-post-image\" alt=\"Estetska stomatologija - Stomatolo\u0161ka ordinacija MAJA DENTAL CARE \u010ca\u010dak\" \/><\/div><div class=\"sr-body\"><span class=\"sr-icon\"><i class=\"flaticon-medical-results fa-3x\"><\/i><\/span><h3 class=\"h4 sr-title \"><a class=\"text-reset\" href=\"https:\/\/www.maja.rs\/wwwp\/all-services\/estetska-stomatologija\/\">Estetska stomatologija<\/a><\/h3><p class=\"sr-text\">Na\u0161a ordinacija nastoji da prati sve svetske trendove u stomatologiji, a estetika je svakako jedan od njih. <\/p><\/div><\/div><\/div><div class=\"col-md-6 col-xl-4\"><div class=\"service-thumb\"><div class=\"sr-img\"><img loading=\"lazy\" decoding=\"async\" width=\"387\" height=\"355\" src=\"https:\/\/www.maja.rs\/wwwp\/wp-content\/uploads\/2021\/08\/ffee2447b152494b43d9816faaea83c8_XL-387x355.jpeg\" class=\"attachment-medilax_387x355 size-medilax_387x355 wp-post-image\" alt=\"Protetika - Stomatolo\u0161ka ordinacija MAJA DENTAL CARE \u010cA\u010dak\" \/><\/div><div class=\"sr-body\"><span class=\"sr-icon\"><i class=\"flaticon-medical-results fa-3x\"><\/i><\/span><h3 class=\"h4 sr-title \"><a class=\"text-reset\" href=\"https:\/\/www.maja.rs\/wwwp\/all-services\/stomatoloska-protetika\/\">Stomatolo\u0161ka protetika<\/a><\/h3><p class=\"sr-text\">Kada je ve\u0107 do\u0161lo do gubitka jednog ili vi\u0161e zuba naru\u0161ena je i estetska i fukcionalna uloga va\u0161ih zuba. Ukoliko nedostaje ve\u0107i broj zuba, dolazi do poreme\u0107aja u funkciji vili\u010dnog zgloba, \u0161u\u0161kanja pri govoru, ote\u017eanog \u017evakanja hrane, a osmah vam svakako ne\u0107e biti ukras lica. <\/p><\/div><\/div><\/div><div class=\"col-md-6 col-xl-4\"><div class=\"service-thumb\"><div class=\"sr-img\"><img loading=\"lazy\" decoding=\"async\" width=\"387\" height=\"355\" src=\"https:\/\/www.maja.rs\/wwwp\/wp-content\/uploads\/2021\/07\/2ff2ba0051687eef5ca0459cf942940c_XL-387x355.jpeg\" class=\"attachment-medilax_387x355 size-medilax_387x355 wp-post-image\" alt=\"Oralna hirurgija - stomatolog \u010ca\u010dak\" \/><\/div><div class=\"sr-body\"><span class=\"sr-icon\"><i class=\"flaticon-medical-results fa-3x\"><\/i><\/span><h3 class=\"h4 sr-title \"><a class=\"text-reset\" href=\"https:\/\/www.maja.rs\/wwwp\/all-services\/oralna-hirurgija\/\">Oralna hirurgija<\/a><\/h3><p class=\"sr-text\">Svakako naj\u010de\u0161\u0107a usluga iz ove oblasti je rutinsko va\u0111enje zuba. <\/p><\/div><\/div><\/div><\/div><\/div><\/section><!-----------------------End Service Area----------------------->\t\t\t\t<\/div>\n\t\t\t\t<\/div>\n\t\t\t\t\t<\/div>\n\t\t<\/div>\n\t\t\t\t\t<\/div>\n\t\t<\/section>\n\t\t\t\t<section class=\"elementor-section elementor-top-section elementor-element elementor-element-093b285 elementor-section-full_width elementor-section-height-default elementor-section-height-default\" data-id=\"093b285\" data-element_type=\"section\" data-e-type=\"section\" data-settings=\"{&quot;background_background&quot;:&quot;classic&quot;}\">\n\t\t\t\t\t\t<div class=\"elementor-container elementor-column-gap-no\">\n\t\t\t\t\t<div class=\"elementor-column elementor-col-100 elementor-top-column elementor-element elementor-element-11dc879\" data-id=\"11dc879\" data-element_type=\"column\" data-e-type=\"column\">\n\t\t\t<div class=\"elementor-widget-wrap elementor-element-populated\">\n\t\t\t\t\t\t<section class=\"elementor-section elementor-inner-section elementor-element elementor-element-57bd17d elementor-section-full_width container vs-container p-0 elementor-section-height-default elementor-section-height-default\" data-id=\"57bd17d\" data-element_type=\"section\" data-e-type=\"section\">\n\t\t\t\t\t\t<div class=\"elementor-container elementor-column-gap-no\">\n\t\t\t\t\t<div class=\"elementor-column elementor-col-50 elementor-inner-column elementor-element elementor-element-5788fca\" data-id=\"5788fca\" data-element_type=\"column\" data-e-type=\"column\">\n\t\t\t<div class=\"elementor-widget-wrap elementor-element-populated\">\n\t\t\t\t\t\t<div class=\"elementor-element elementor-element-051f869 elementor-widget-mobile__width-initial elementor-widget elementor-widget-medilaximage\" data-id=\"051f869\" data-element_type=\"widget\" data-e-type=\"widget\" data-widget_type=\"medilaximage.default\">\n\t\t\t\t<div class=\"elementor-widget-container\">\n\t\t\t\t\t<div class=\"vs-surface wow animated\" data-wow-delay=\"0.3s\"><img decoding=\"async\" src=\"https:\/\/maja.rs\/wwwp\/wp-content\/uploads\/2022\/12\/majadentalcare_yt_art-scaled.jpg\" alt=\"majadentalcare_yt_art scaled\"  class=\"w-100\" \/><a href=\"https:\/\/www.youtube.com\/watch?v=CNXgW9f_Li4\" class=\"play-btn popup-video style2 position-center\"><i class=\"fas fa-play\"><\/i><\/a><\/div>\t\t\t\t<\/div>\n\t\t\t\t<\/div>\n\t\t\t\t\t<\/div>\n\t\t<\/div>\n\t\t\t\t<div class=\"elementor-column elementor-col-50 elementor-inner-column elementor-element elementor-element-82343d6\" data-id=\"82343d6\" data-element_type=\"column\" data-e-type=\"column\">\n\t\t\t<div class=\"elementor-widget-wrap elementor-element-populated\">\n\t\t\t\t\t\t<div class=\"elementor-element elementor-element-dab224e elementor-widget elementor-widget-heading\" data-id=\"dab224e\" data-element_type=\"widget\" data-e-type=\"widget\" data-widget_type=\"heading.default\">\n\t\t\t\t<div class=\"elementor-widget-container\">\n\t\t\t\t\t<h2 class=\"elementor-heading-title elementor-size-default\">Zavirite u na\u0161u ordinaciju...<\/h2>\t\t\t\t<\/div>\n\t\t\t\t<\/div>\n\t\t\t\t\t<\/div>\n\t\t<\/div>\n\t\t\t\t\t<\/div>\n\t\t<\/section>\n\t\t\t\t\t<\/div>\n\t\t<\/div>\n\t\t\t\t\t<\/div>\n\t\t<\/section>\n\t\t\t\t<\/div>\n\t\t","protected":false},"excerpt":{"rendered":"<p>Parodontologija Parodontopatija je oboljenje koje zahvata potporni aparat zuba, tj. sva ona tkiva koja zub dr\u017ee u vili\u010dnoj kosti pa i samu kost. De\u010dija stomatologija U na\u0161oj ordinaciji deca su pacijenti kojima posve\u0107ujemo naro\u010ditu pa\u017enju i vreme. Preventivna stomatologija U cilju da spre\u010dimo nastanak bilo kakvog oboljenja va\u0161ih usta i zuba, u na\u0161oj ordinaciji dobi\u0107ete&#8230;<\/p>\n","protected":false},"author":1,"featured_media":0,"parent":0,"menu_order":0,"comment_status":"closed","ping_status":"closed","template":"template-builder.php","meta":{"footnotes":""},"class_list":["post-1398","page","type-page","status-publish","hentry"],"_links":{"self":[{"href":"https:\/\/www.maja.rs\/wwwp\/wp-json\/wp\/v2\/pages\/1398","targetHints":{"allow":["GET"]}}],"collection":[{"href":"https:\/\/www.maja.rs\/wwwp\/wp-json\/wp\/v2\/pages"}],"about":[{"href":"https:\/\/www.maja.rs\/wwwp\/wp-json\/wp\/v2\/types\/page"}],"author":[{"embeddable":true,"href":"https:\/\/www.maja.rs\/wwwp\/wp-json\/wp\/v2\/users\/1"}],"replies":[{"embeddable":true,"href":"https:\/\/www.maja.rs\/wwwp\/wp-json\/wp\/v2\/comments?post=1398"}],"version-history":[{"count":14,"href":"https:\/\/www.maja.rs\/wwwp\/wp-json\/wp\/v2\/pages\/1398\/revisions"}],"predecessor-version":[{"id":5095,"href":"https:\/\/www.maja.rs\/wwwp\/wp-json\/wp\/v2\/pages\/1398\/revisions\/5095"}],"wp:attachment":[{"href":"https:\/\/www.maja.rs\/wwwp\/wp-json\/wp\/v2\/media?parent=1398"}],"curies":[{"name":"wp","href":"https:\/\/api.w.org\/{rel}","templated":true}]}}