{"id":192,"date":"2021-07-25T07:52:53","date_gmt":"2021-07-25T07:52:53","guid":{"rendered":"https:\/\/templatemonster.vecuro.com\/wordpress\/medilax\/?page_id=192"},"modified":"2023-04-29T18:16:58","modified_gmt":"2023-04-29T18:16:58","slug":"about","status":"publish","type":"page","link":"https:\/\/www.maja.rs\/wwwp\/about\/","title":{"rendered":"Ordinacija"},"content":{"rendered":"\t\t<div data-elementor-type=\"wp-page\" data-elementor-id=\"192\" class=\"elementor elementor-192\">\n\t\t\t\t\t\t<section class=\"elementor-section elementor-top-section elementor-element elementor-element-45aab66 elementor-section-full_width elementor-section-height-default elementor-section-height-default\" data-id=\"45aab66\" data-element_type=\"section\" data-e-type=\"section\" data-settings=\"{&quot;background_background&quot;:&quot;classic&quot;}\">\n\t\t\t\t\t\t<div class=\"elementor-container elementor-column-gap-no\">\n\t\t\t\t\t<div class=\"elementor-column elementor-col-100 elementor-top-column elementor-element elementor-element-0f23591\" data-id=\"0f23591\" data-element_type=\"column\" data-e-type=\"column\">\n\t\t\t<div class=\"elementor-widget-wrap elementor-element-populated\">\n\t\t\t\t\t\t<div class=\"elementor-element elementor-element-fb9d8c6 elementor-widget elementor-widget-aboutus\" data-id=\"fb9d8c6\" data-element_type=\"widget\" data-e-type=\"widget\" data-widget_type=\"aboutus.default\">\n\t\t\t\t<div class=\"elementor-widget-container\">\n\t\t\t\t\t<!-----------------------Start About us Area-----------------------><section class=\"vs-about-wrapper space\"><div class=\"container\"><div class=\"row flex-row-reverse\"><div class=\"col-lg-6 mb-40 mb-lg-0\"><div class=\"vs-surface wow\" data-wow-delay=\"0.3s\"><div class=\"about-img3 position-relative\"><img decoding=\"async\" src=\"https:\/\/maja.rs\/wwwp\/wp-content\/uploads\/2022\/12\/majadentalcare_yt_th.jpg\" alt=\"majadentalcare_yt_th\"  class=\"w-100\" \/><a href=\"https:\/\/www.youtube.com\/watch?v=CNXgW9f_Li4\" class=\"popup-video play-btn style2 position-center\"><i class=\"fas fa-play\"><\/i><\/a><div class=\"exp-box-bottom\"><div class=\"exp-year text-theme\"><span class=\"counter\">15<\/span>+<\/div><p class=\"exp-text text-title mb-0\">godina sa vama<\/p><\/div><\/div><\/div><\/div><div class=\"col-lg-6 align-self-center\"><div class=\"about-content mb-2 \"><span class=\"sec-subtitle text-theme h3 mb-2 mb-sm-0\">Moj Stomatolog.<\/span><div class=\"row\"><div class=\"col-xl-10\"><h2 class=\"h1 mb-3\">MAJA DENTAL CARE <span class=\"text-theme\">\u010ca\u010dak<\/span><\/h2><\/div><div class=\"col-xl-10\"><p class=\"mb-4 desc\">Stomatolo\u0161ka ordinacija MAJA DENTAL CARE je moderna, savremeno opremljena ordinacija koncipirana tako, da svojim pacijentima pru\u017ei usluge u najprijatnijim uslovima. Ordinacija se nalazi u \u010ca\u010dku, u ulici Svetog Save 8\/2. Osniva\u010d i vlasnik je dr Marija Vasi\u0107.\n\n<br\/><br\/>\n\n\nOd osnivanja Jula 2007. godine stomatolo\u0161ka ordinacija MAJA DENTAL CARE ima cilj da svojim pacijentima pru\u017ei vrhunski kvalitet usluge, trajno zadovoljstvo i poverenje.\n<br\/><br\/>\nU moderno opremljenom i prijatnom ambijentu, uz ljubazno osoblje i saradnike, vrhunske stru\u010dnjake iz svih oblasti stomatologije, koriste\u0107i pritom najkvalitetnije i najsavremenije stomatolo\u0161ke materijale, ve\u0107 vi\u0161e od deset godina uspevamo da stvaramo i odr\u017eavamo poverenje velikog broja na\u0161ih pacijenata. Tako\u0111e, uz stalnu edukaciju, usavr\u0161avanje i pra\u0107enje aktuelnih svetskih trendova u svim oblastima stomatologije za nas ne postoje nere\u0161ive situacije, pru\u017eaju\u0107i tako svojim pacijentima ose\u0107aj sigurnosti, poverenja i vrhunske rezultate.\n<br\/><br\/>\nSvakodnevno se trudimo i uspevamo da u prijatnom okru\u017eenju, uz strpljenje, ljubaznost i stru\u010dnost na\u0161eg osoblja, strah od stomatologa postane pro\u0161lost, a lep i zdrav osmeh va\u0161 i na\u0161 za\u0161titini znak.\n\nU ordinaciji MAJA DENTAL CARE uvek mo\u017eete dobiti savet kako da sa\u010duvate, unapredite i popravite zdravlje i izgled va\u0161ih usta i zuba.\n<br\/><br\/>\nPosetite nas, zaka\u017eite pregled i uverite se za\u0161to nas i deca vole. Na\u0161a najbolja preporuka su na\u0161i zadovoljni pacijenti!\n<br\/><br\/>\nPregled mo\u017eete zakazati: telefonom: 032.333.910 i 064.840.3040, 065.8500.720, putem e-mail adrese: office@maja.rs, ili <a href=\"https:\/\/outlook.office365.com\/owa\/calendar\/MAJADENTALCARE@maja.rs\/bookings\/\" target=\"_blank\">On-Line<\/a>.\n<br\/><br\/>\nRadno vreme:<br\/>\nRadnim danom: 09:00 - 20:00h<br\/>\nSubotom: samo zakazani pacijenti<br\/>\nNedeljom: ordinacija ne radi.<br\/><br\/><\/p><\/div><\/div><div class=\"features-content\"><div class=\"d-flex \"><span class=\"text-theme icon-3x\"><i class=\"\"><\/i><\/span><div class=\"media-body\"><\/div><\/div><\/div><\/p><\/div><\/div><\/div><\/div><\/section><!-----------------------End About us Area----------------------->\t\t\t\t<\/div>\n\t\t\t\t<\/div>\n\t\t\t\t\t<\/div>\n\t\t<\/div>\n\t\t\t\t\t<\/div>\n\t\t<\/section>\n\t\t\t\t<section class=\"elementor-section elementor-top-section elementor-element elementor-element-02f4429 elementor-section-boxed elementor-section-height-default elementor-section-height-default\" data-id=\"02f4429\" data-element_type=\"section\" data-e-type=\"section\" data-settings=\"{&quot;background_background&quot;:&quot;classic&quot;}\">\n\t\t\t\t\t\t<div class=\"elementor-container elementor-column-gap-no\">\n\t\t\t\t\t<div class=\"elementor-column elementor-col-100 elementor-top-column elementor-element elementor-element-3e5b709\" data-id=\"3e5b709\" data-element_type=\"column\" data-e-type=\"column\">\n\t\t\t<div class=\"elementor-widget-wrap elementor-element-populated\">\n\t\t\t\t\t\t<div class=\"elementor-element elementor-element-00d3cf1 elementor-widget elementor-widget-medilaxsectiontitle\" data-id=\"00d3cf1\" data-element_type=\"widget\" data-e-type=\"widget\" data-widget_type=\"medilaxsectiontitle.default\">\n\t\t\t\t<div class=\"elementor-widget-container\">\n\t\t\t\t\t<!-- Section Title --><div class=\"row justify-content-center\"><div class=\"col-md-10 col-lg-8 col-xl-6 wow fadeInUp\" data-wow-delay=\"0.3s\"><div class=\"section-title\" ><h2 class=\"h1 title-selector\">Zaka\u017eite termin OnLine<\/h2><p class=\"desc\">Va\u0161 termin mo\u017eete zakazati odmah - izaberite uslugu koju \u017eelite, izaberite neki od dostupnih slobodnih termina, unesite va\u0161e kontakt podatke i za par sekundi \u0107ete dobiti potvrdu o rezervaciji termina...<\/p><\/div><\/div><!-- End Section Title --><\/div>\t\t\t\t<\/div>\n\t\t\t\t<\/div>\n\t\t\t\t<div class=\"elementor-element elementor-element-3b67be7 elementor-widget elementor-widget-medilaxbutton\" data-id=\"3b67be7\" data-element_type=\"widget\" data-e-type=\"widget\" data-widget_type=\"medilaxbutton.default\">\n\t\t\t\t<div class=\"elementor-widget-container\">\n\t\t\t\t\t<!-----------------------Start Button Area-----------------------><div class=\"btn-align\" ><a href=\"https:\/\/outlook.office365.com\/owa\/calendar\/MAJADENTALCARE@maja.rs\/bookings\/\" class=\"vs-btn style2\">ZAKAZIVANJE<\/a><\/div><!-----------------------End Button Area----------------------->\t\t\t\t<\/div>\n\t\t\t\t<\/div>\n\t\t\t\t\t<\/div>\n\t\t<\/div>\n\t\t\t\t\t<\/div>\n\t\t<\/section>\n\t\t\t\t<section class=\"elementor-section elementor-top-section elementor-element elementor-element-a1efcde elementor-section-full_width elementor-section-height-default elementor-section-height-default\" data-id=\"a1efcde\" data-element_type=\"section\" data-e-type=\"section\" data-settings=\"{&quot;background_background&quot;:&quot;classic&quot;}\">\n\t\t\t\t\t\t<div class=\"elementor-container elementor-column-gap-no\">\n\t\t\t\t\t<div class=\"elementor-column elementor-col-100 elementor-top-column elementor-element elementor-element-df54eb7\" data-id=\"df54eb7\" data-element_type=\"column\" data-e-type=\"column\">\n\t\t\t<div class=\"elementor-widget-wrap elementor-element-populated\">\n\t\t\t\t\t\t<section class=\"elementor-section elementor-inner-section elementor-element elementor-element-436c55d elementor-section-boxed elementor-section-height-default elementor-section-height-default\" data-id=\"436c55d\" data-element_type=\"section\" data-e-type=\"section\">\n\t\t\t\t\t\t<div class=\"elementor-container elementor-column-gap-no\">\n\t\t\t\t\t<div class=\"elementor-column elementor-col-100 elementor-inner-column elementor-element elementor-element-23bdc40\" data-id=\"23bdc40\" data-element_type=\"column\" data-e-type=\"column\">\n\t\t\t<div class=\"elementor-widget-wrap elementor-element-populated\">\n\t\t\t\t\t\t<div class=\"elementor-element elementor-element-afca988 elementor-widget elementor-widget-medilaxsectiontitle\" data-id=\"afca988\" data-element_type=\"widget\" data-e-type=\"widget\" data-widget_type=\"medilaxsectiontitle.default\">\n\t\t\t\t<div class=\"elementor-widget-container\">\n\t\t\t\t\t<!-- Section Title --><div class=\"row justify-content-center\"><div class=\"col-md-10 col-lg-8 col-xl-6 wow fadeInUp\" data-wow-delay=\"0.3s\"><div class=\"section-title\" ><div class=\"sec-icon\"><i class=\"flaticon-ecg\"><\/i><\/div><h2 class=\"h1 title-selector\">Galerija<\/h2><p class=\"desc\">Nekoliko fotografija koje \u0107e vam pribli\u017eiti na\u0161u ordinaciju<\/p><\/div><\/div><!-- End Section Title --><\/div>\t\t\t\t<\/div>\n\t\t\t\t<\/div>\n\t\t\t\t\t<\/div>\n\t\t<\/div>\n\t\t\t\t\t<\/div>\n\t\t<\/section>\n\t\t\t\t<section class=\"elementor-section elementor-inner-section elementor-element elementor-element-8058dc0 elementor-section-full_width elementor-section-height-default elementor-section-height-default\" data-id=\"8058dc0\" data-element_type=\"section\" data-e-type=\"section\">\n\t\t\t\t\t\t<div class=\"elementor-container elementor-column-gap-no\">\n\t\t\t\t\t<div class=\"elementor-column elementor-col-33 elementor-inner-column elementor-element elementor-element-18716d0\" data-id=\"18716d0\" data-element_type=\"column\" data-e-type=\"column\">\n\t\t\t<div class=\"elementor-widget-wrap elementor-element-populated\">\n\t\t\t\t\t\t<div class=\"elementor-element elementor-element-e5f9eef elementor-widget elementor-widget-image\" data-id=\"e5f9eef\" data-element_type=\"widget\" data-e-type=\"widget\" data-widget_type=\"image.default\">\n\t\t\t\t<div class=\"elementor-widget-container\">\n\t\t\t\t\t\t\t\t\t\t\t\t\t\t\t<img fetchpriority=\"high\" decoding=\"async\" width=\"751\" height=\"501\" src=\"https:\/\/www.maja.rs\/wwwp\/wp-content\/uploads\/2022\/12\/25-1024x683.jpg\" class=\"attachment-large size-large wp-image-4916\" alt=\"\" srcset=\"https:\/\/www.maja.rs\/wwwp\/wp-content\/uploads\/2022\/12\/25-1024x683.jpg 1024w, https:\/\/www.maja.rs\/wwwp\/wp-content\/uploads\/2022\/12\/25-300x200.jpg 300w, https:\/\/www.maja.rs\/wwwp\/wp-content\/uploads\/2022\/12\/25-768x512.jpg 768w, https:\/\/www.maja.rs\/wwwp\/wp-content\/uploads\/2022\/12\/25-1536x1024.jpg 1536w, https:\/\/www.maja.rs\/wwwp\/wp-content\/uploads\/2022\/12\/25-2048x1365.jpg 2048w\" sizes=\"(max-width: 751px) 100vw, 751px\" \/>\t\t\t\t\t\t\t\t\t\t\t\t\t\t\t<\/div>\n\t\t\t\t<\/div>\n\t\t\t\t\t<\/div>\n\t\t<\/div>\n\t\t\t\t<div class=\"elementor-column elementor-col-33 elementor-inner-column elementor-element elementor-element-0ebc487\" data-id=\"0ebc487\" data-element_type=\"column\" data-e-type=\"column\">\n\t\t\t<div class=\"elementor-widget-wrap elementor-element-populated\">\n\t\t\t\t\t\t<div class=\"elementor-element elementor-element-8f79309 elementor-widget elementor-widget-image\" data-id=\"8f79309\" data-element_type=\"widget\" data-e-type=\"widget\" data-widget_type=\"image.default\">\n\t\t\t\t<div class=\"elementor-widget-container\">\n\t\t\t\t\t\t\t\t\t\t\t\t\t\t\t<img decoding=\"async\" width=\"751\" height=\"501\" src=\"https:\/\/www.maja.rs\/wwwp\/wp-content\/uploads\/2022\/12\/52-1024x683.jpg\" class=\"attachment-large size-large wp-image-4917\" alt=\"Stomatolo\u0161ka ordinacija MAJA DENTAL CARE \u010ca\u010dak\" srcset=\"https:\/\/www.maja.rs\/wwwp\/wp-content\/uploads\/2022\/12\/52-1024x683.jpg 1024w, https:\/\/www.maja.rs\/wwwp\/wp-content\/uploads\/2022\/12\/52-300x200.jpg 300w, https:\/\/www.maja.rs\/wwwp\/wp-content\/uploads\/2022\/12\/52-768x512.jpg 768w, https:\/\/www.maja.rs\/wwwp\/wp-content\/uploads\/2022\/12\/52-1536x1024.jpg 1536w, https:\/\/www.maja.rs\/wwwp\/wp-content\/uploads\/2022\/12\/52-2048x1365.jpg 2048w\" sizes=\"(max-width: 751px) 100vw, 751px\" \/>\t\t\t\t\t\t\t\t\t\t\t\t\t\t\t<\/div>\n\t\t\t\t<\/div>\n\t\t\t\t\t<\/div>\n\t\t<\/div>\n\t\t\t\t<div class=\"elementor-column elementor-col-33 elementor-inner-column elementor-element elementor-element-aeea493\" data-id=\"aeea493\" data-element_type=\"column\" data-e-type=\"column\">\n\t\t\t<div class=\"elementor-widget-wrap elementor-element-populated\">\n\t\t\t\t\t\t<div class=\"elementor-element elementor-element-f66c89e elementor-widget elementor-widget-image\" data-id=\"f66c89e\" data-element_type=\"widget\" data-e-type=\"widget\" data-widget_type=\"image.default\">\n\t\t\t\t<div class=\"elementor-widget-container\">\n\t\t\t\t\t\t\t\t\t\t\t\t\t\t\t<img decoding=\"async\" width=\"751\" height=\"501\" src=\"https:\/\/www.maja.rs\/wwwp\/wp-content\/uploads\/2022\/12\/AKU_0771-1024x683.jpg\" class=\"attachment-large size-large wp-image-4918\" alt=\"Stomatolo\u0161ka ordinacija MAJA DENTAL CARE \u010ca\u010dak\" srcset=\"https:\/\/www.maja.rs\/wwwp\/wp-content\/uploads\/2022\/12\/AKU_0771-1024x683.jpg 1024w, https:\/\/www.maja.rs\/wwwp\/wp-content\/uploads\/2022\/12\/AKU_0771-300x200.jpg 300w, https:\/\/www.maja.rs\/wwwp\/wp-content\/uploads\/2022\/12\/AKU_0771-768x512.jpg 768w, https:\/\/www.maja.rs\/wwwp\/wp-content\/uploads\/2022\/12\/AKU_0771-1536x1024.jpg 1536w, https:\/\/www.maja.rs\/wwwp\/wp-content\/uploads\/2022\/12\/AKU_0771-2048x1365.jpg 2048w\" sizes=\"(max-width: 751px) 100vw, 751px\" \/>\t\t\t\t\t\t\t\t\t\t\t\t\t\t\t<\/div>\n\t\t\t\t<\/div>\n\t\t\t\t\t<\/div>\n\t\t<\/div>\n\t\t\t\t\t<\/div>\n\t\t<\/section>\n\t\t\t\t<section class=\"elementor-section elementor-inner-section elementor-element elementor-element-e744431 elementor-section-full_width elementor-section-height-default elementor-section-height-default\" data-id=\"e744431\" data-element_type=\"section\" data-e-type=\"section\">\n\t\t\t\t\t\t<div class=\"elementor-container elementor-column-gap-no\">\n\t\t\t\t\t<div class=\"elementor-column elementor-col-33 elementor-inner-column elementor-element elementor-element-d8258cf\" data-id=\"d8258cf\" data-element_type=\"column\" data-e-type=\"column\">\n\t\t\t<div class=\"elementor-widget-wrap elementor-element-populated\">\n\t\t\t\t\t\t<div class=\"elementor-element elementor-element-c02016f elementor-widget elementor-widget-image\" data-id=\"c02016f\" data-element_type=\"widget\" data-e-type=\"widget\" data-widget_type=\"image.default\">\n\t\t\t\t<div class=\"elementor-widget-container\">\n\t\t\t\t\t\t\t\t\t\t\t\t\t\t\t<img loading=\"lazy\" decoding=\"async\" width=\"751\" height=\"501\" src=\"https:\/\/www.maja.rs\/wwwp\/wp-content\/uploads\/2022\/12\/23-1024x683.jpg\" class=\"attachment-large size-large wp-image-4923\" alt=\"Stomatolo\u0161ka ordinacija MAJA DENTAL CARE \u010ca\u010dak\" srcset=\"https:\/\/www.maja.rs\/wwwp\/wp-content\/uploads\/2022\/12\/23-1024x683.jpg 1024w, https:\/\/www.maja.rs\/wwwp\/wp-content\/uploads\/2022\/12\/23-300x200.jpg 300w, https:\/\/www.maja.rs\/wwwp\/wp-content\/uploads\/2022\/12\/23-768x512.jpg 768w, https:\/\/www.maja.rs\/wwwp\/wp-content\/uploads\/2022\/12\/23-1536x1024.jpg 1536w, https:\/\/www.maja.rs\/wwwp\/wp-content\/uploads\/2022\/12\/23-2048x1365.jpg 2048w\" sizes=\"(max-width: 751px) 100vw, 751px\" \/>\t\t\t\t\t\t\t\t\t\t\t\t\t\t\t<\/div>\n\t\t\t\t<\/div>\n\t\t\t\t\t<\/div>\n\t\t<\/div>\n\t\t\t\t<div class=\"elementor-column elementor-col-33 elementor-inner-column elementor-element elementor-element-e37d629\" data-id=\"e37d629\" data-element_type=\"column\" data-e-type=\"column\">\n\t\t\t<div class=\"elementor-widget-wrap elementor-element-populated\">\n\t\t\t\t\t\t<div class=\"elementor-element elementor-element-f3a9f1a elementor-widget elementor-widget-image\" data-id=\"f3a9f1a\" data-element_type=\"widget\" data-e-type=\"widget\" data-widget_type=\"image.default\">\n\t\t\t\t<div class=\"elementor-widget-container\">\n\t\t\t\t\t\t\t\t\t\t\t\t\t\t\t<img loading=\"lazy\" decoding=\"async\" width=\"751\" height=\"501\" src=\"https:\/\/www.maja.rs\/wwwp\/wp-content\/uploads\/2022\/12\/AKU_0704-1024x683.jpg\" class=\"attachment-large size-large wp-image-4925\" alt=\"Stomatolo\u0161ka ordinacija MAJA DENTAL CARE \u010ca\u010dak\" srcset=\"https:\/\/www.maja.rs\/wwwp\/wp-content\/uploads\/2022\/12\/AKU_0704-1024x683.jpg 1024w, https:\/\/www.maja.rs\/wwwp\/wp-content\/uploads\/2022\/12\/AKU_0704-300x200.jpg 300w, https:\/\/www.maja.rs\/wwwp\/wp-content\/uploads\/2022\/12\/AKU_0704-768x512.jpg 768w, https:\/\/www.maja.rs\/wwwp\/wp-content\/uploads\/2022\/12\/AKU_0704-1536x1024.jpg 1536w, https:\/\/www.maja.rs\/wwwp\/wp-content\/uploads\/2022\/12\/AKU_0704-2048x1365.jpg 2048w\" sizes=\"(max-width: 751px) 100vw, 751px\" \/>\t\t\t\t\t\t\t\t\t\t\t\t\t\t\t<\/div>\n\t\t\t\t<\/div>\n\t\t\t\t\t<\/div>\n\t\t<\/div>\n\t\t\t\t<div class=\"elementor-column elementor-col-33 elementor-inner-column elementor-element elementor-element-0af55fb\" data-id=\"0af55fb\" data-element_type=\"column\" data-e-type=\"column\">\n\t\t\t<div class=\"elementor-widget-wrap elementor-element-populated\">\n\t\t\t\t\t\t<div class=\"elementor-element elementor-element-46759bc elementor-widget elementor-widget-image\" data-id=\"46759bc\" data-element_type=\"widget\" data-e-type=\"widget\" data-widget_type=\"image.default\">\n\t\t\t\t<div class=\"elementor-widget-container\">\n\t\t\t\t\t\t\t\t\t\t\t\t\t\t\t<img loading=\"lazy\" decoding=\"async\" width=\"751\" height=\"501\" src=\"https:\/\/www.maja.rs\/wwwp\/wp-content\/uploads\/2022\/12\/AKU_0693-1024x683.jpg\" class=\"attachment-large size-large wp-image-4926\" alt=\"Stomatolo\u0161ka ordinacija MAJA DENTAL CARE \u010ca\u010dak\" srcset=\"https:\/\/www.maja.rs\/wwwp\/wp-content\/uploads\/2022\/12\/AKU_0693-1024x683.jpg 1024w, https:\/\/www.maja.rs\/wwwp\/wp-content\/uploads\/2022\/12\/AKU_0693-300x200.jpg 300w, https:\/\/www.maja.rs\/wwwp\/wp-content\/uploads\/2022\/12\/AKU_0693-768x512.jpg 768w, https:\/\/www.maja.rs\/wwwp\/wp-content\/uploads\/2022\/12\/AKU_0693-1536x1024.jpg 1536w, https:\/\/www.maja.rs\/wwwp\/wp-content\/uploads\/2022\/12\/AKU_0693-2048x1365.jpg 2048w\" sizes=\"(max-width: 751px) 100vw, 751px\" \/>\t\t\t\t\t\t\t\t\t\t\t\t\t\t\t<\/div>\n\t\t\t\t<\/div>\n\t\t\t\t\t<\/div>\n\t\t<\/div>\n\t\t\t\t\t<\/div>\n\t\t<\/section>\n\t\t\t\t<section class=\"elementor-section elementor-inner-section elementor-element elementor-element-309436f elementor-section-full_width elementor-section-height-default elementor-section-height-default\" data-id=\"309436f\" data-element_type=\"section\" data-e-type=\"section\">\n\t\t\t\t\t\t<div class=\"elementor-container elementor-column-gap-no\">\n\t\t\t\t\t<div class=\"elementor-column elementor-col-33 elementor-inner-column elementor-element elementor-element-b5f5596\" data-id=\"b5f5596\" data-element_type=\"column\" data-e-type=\"column\">\n\t\t\t<div class=\"elementor-widget-wrap elementor-element-populated\">\n\t\t\t\t\t\t<div class=\"elementor-element elementor-element-34e7ad2 elementor-widget elementor-widget-image\" data-id=\"34e7ad2\" data-element_type=\"widget\" data-e-type=\"widget\" data-widget_type=\"image.default\">\n\t\t\t\t<div class=\"elementor-widget-container\">\n\t\t\t\t\t\t\t\t\t\t\t\t\t\t\t<img loading=\"lazy\" decoding=\"async\" width=\"751\" height=\"501\" src=\"https:\/\/www.maja.rs\/wwwp\/wp-content\/uploads\/2022\/12\/AKU_0759-1024x683.jpg\" class=\"attachment-large size-large wp-image-4932\" alt=\"Stomatolo\u0161ka ordinacija MAJA DENTAL CARE \u010ca\u010dak\" srcset=\"https:\/\/www.maja.rs\/wwwp\/wp-content\/uploads\/2022\/12\/AKU_0759-1024x683.jpg 1024w, https:\/\/www.maja.rs\/wwwp\/wp-content\/uploads\/2022\/12\/AKU_0759-300x200.jpg 300w, https:\/\/www.maja.rs\/wwwp\/wp-content\/uploads\/2022\/12\/AKU_0759-768x512.jpg 768w, https:\/\/www.maja.rs\/wwwp\/wp-content\/uploads\/2022\/12\/AKU_0759-1536x1024.jpg 1536w, https:\/\/www.maja.rs\/wwwp\/wp-content\/uploads\/2022\/12\/AKU_0759-2048x1365.jpg 2048w\" sizes=\"(max-width: 751px) 100vw, 751px\" \/>\t\t\t\t\t\t\t\t\t\t\t\t\t\t\t<\/div>\n\t\t\t\t<\/div>\n\t\t\t\t\t<\/div>\n\t\t<\/div>\n\t\t\t\t<div class=\"elementor-column elementor-col-33 elementor-inner-column elementor-element elementor-element-ec9e126\" data-id=\"ec9e126\" data-element_type=\"column\" data-e-type=\"column\">\n\t\t\t<div class=\"elementor-widget-wrap elementor-element-populated\">\n\t\t\t\t\t\t<div class=\"elementor-element elementor-element-9362dce elementor-widget elementor-widget-image\" data-id=\"9362dce\" data-element_type=\"widget\" data-e-type=\"widget\" data-widget_type=\"image.default\">\n\t\t\t\t<div class=\"elementor-widget-container\">\n\t\t\t\t\t\t\t\t\t\t\t\t\t\t\t<img loading=\"lazy\" decoding=\"async\" width=\"751\" height=\"501\" src=\"https:\/\/www.maja.rs\/wwwp\/wp-content\/uploads\/2022\/12\/AKU_0765-1024x683.jpg\" class=\"attachment-large size-large wp-image-4933\" alt=\"Stomatolo\u0161ka ordinacija MAJA DENTAL CARE \u010ca\u010dak\" srcset=\"https:\/\/www.maja.rs\/wwwp\/wp-content\/uploads\/2022\/12\/AKU_0765-1024x683.jpg 1024w, https:\/\/www.maja.rs\/wwwp\/wp-content\/uploads\/2022\/12\/AKU_0765-300x200.jpg 300w, https:\/\/www.maja.rs\/wwwp\/wp-content\/uploads\/2022\/12\/AKU_0765-768x512.jpg 768w, https:\/\/www.maja.rs\/wwwp\/wp-content\/uploads\/2022\/12\/AKU_0765-1536x1024.jpg 1536w, https:\/\/www.maja.rs\/wwwp\/wp-content\/uploads\/2022\/12\/AKU_0765-2048x1365.jpg 2048w\" sizes=\"(max-width: 751px) 100vw, 751px\" \/>\t\t\t\t\t\t\t\t\t\t\t\t\t\t\t<\/div>\n\t\t\t\t<\/div>\n\t\t\t\t\t<\/div>\n\t\t<\/div>\n\t\t\t\t<div class=\"elementor-column elementor-col-33 elementor-inner-column elementor-element elementor-element-020bd9c\" data-id=\"020bd9c\" data-element_type=\"column\" data-e-type=\"column\">\n\t\t\t<div class=\"elementor-widget-wrap elementor-element-populated\">\n\t\t\t\t\t\t<div class=\"elementor-element elementor-element-f4fca45 elementor-widget elementor-widget-image\" data-id=\"f4fca45\" data-element_type=\"widget\" data-e-type=\"widget\" data-widget_type=\"image.default\">\n\t\t\t\t<div class=\"elementor-widget-container\">\n\t\t\t\t\t\t\t\t\t\t\t\t\t\t\t<img loading=\"lazy\" decoding=\"async\" width=\"751\" height=\"501\" src=\"https:\/\/www.maja.rs\/wwwp\/wp-content\/uploads\/2022\/12\/53-1024x683.jpg\" class=\"attachment-large size-large wp-image-4934\" alt=\"Stomatolo\u0161ka ordinacija MAJA DENTAL CARE \u010ca\u010dak\" srcset=\"https:\/\/www.maja.rs\/wwwp\/wp-content\/uploads\/2022\/12\/53-1024x683.jpg 1024w, https:\/\/www.maja.rs\/wwwp\/wp-content\/uploads\/2022\/12\/53-300x200.jpg 300w, https:\/\/www.maja.rs\/wwwp\/wp-content\/uploads\/2022\/12\/53-768x512.jpg 768w, https:\/\/www.maja.rs\/wwwp\/wp-content\/uploads\/2022\/12\/53-1536x1024.jpg 1536w, https:\/\/www.maja.rs\/wwwp\/wp-content\/uploads\/2022\/12\/53-2048x1365.jpg 2048w\" sizes=\"(max-width: 751px) 100vw, 751px\" \/>\t\t\t\t\t\t\t\t\t\t\t\t\t\t\t<\/div>\n\t\t\t\t<\/div>\n\t\t\t\t\t<\/div>\n\t\t<\/div>\n\t\t\t\t\t<\/div>\n\t\t<\/section>\n\t\t\t\t\t<\/div>\n\t\t<\/div>\n\t\t\t\t\t<\/div>\n\t\t<\/section>\n\t\t\t\t<section class=\"elementor-section elementor-top-section elementor-element elementor-element-bbe2c7f elementor-section-boxed elementor-section-height-default elementor-section-height-default\" data-id=\"bbe2c7f\" data-element_type=\"section\" data-e-type=\"section\">\n\t\t\t\t\t\t<div class=\"elementor-container elementor-column-gap-default\">\n\t\t\t\t\t<div class=\"elementor-column elementor-col-100 elementor-top-column elementor-element elementor-element-e92a00c\" data-id=\"e92a00c\" data-element_type=\"column\" data-e-type=\"column\">\n\t\t\t<div class=\"elementor-widget-wrap\">\n\t\t\t\t\t\t\t<\/div>\n\t\t<\/div>\n\t\t\t\t\t<\/div>\n\t\t<\/section>\n\t\t\t\t<\/div>\n\t\t","protected":false},"excerpt":{"rendered":"<p>15+ godina sa vama Moj Stomatolog. MAJA DENTAL CARE \u010ca\u010dak Stomatolo\u0161ka ordinacija MAJA DENTAL CARE je moderna, savremeno opremljena ordinacija koncipirana tako, da svojim pacijentima pru\u017ei usluge u najprijatnijim uslovima. Ordinacija se nalazi u \u010ca\u010dku, u ulici Svetog Save 8\/2. Osniva\u010d i vlasnik je dr Marija Vasi\u0107. Od osnivanja Jula 2007. godine stomatolo\u0161ka ordinacija MAJA&#8230;<\/p>\n","protected":false},"author":1,"featured_media":0,"parent":0,"menu_order":0,"comment_status":"closed","ping_status":"closed","template":"template-builder.php","meta":{"footnotes":""},"class_list":["post-192","page","type-page","status-publish","hentry"],"_links":{"self":[{"href":"https:\/\/www.maja.rs\/wwwp\/wp-json\/wp\/v2\/pages\/192","targetHints":{"allow":["GET"]}}],"collection":[{"href":"https:\/\/www.maja.rs\/wwwp\/wp-json\/wp\/v2\/pages"}],"about":[{"href":"https:\/\/www.maja.rs\/wwwp\/wp-json\/wp\/v2\/types\/page"}],"author":[{"embeddable":true,"href":"https:\/\/www.maja.rs\/wwwp\/wp-json\/wp\/v2\/users\/1"}],"replies":[{"embeddable":true,"href":"https:\/\/www.maja.rs\/wwwp\/wp-json\/wp\/v2\/comments?post=192"}],"version-history":[{"count":95,"href":"https:\/\/www.maja.rs\/wwwp\/wp-json\/wp\/v2\/pages\/192\/revisions"}],"predecessor-version":[{"id":5483,"href":"https:\/\/www.maja.rs\/wwwp\/wp-json\/wp\/v2\/pages\/192\/revisions\/5483"}],"wp:attachment":[{"href":"https:\/\/www.maja.rs\/wwwp\/wp-json\/wp\/v2\/media?parent=192"}],"curies":[{"name":"wp","href":"https:\/\/api.w.org\/{rel}","templated":true}]}}